{"id":159,"date":"2023-03-15T19:13:52","date_gmt":"2023-03-15T19:13:52","guid":{"rendered":"https:\/\/lenguadefuegohn.com\/?post_type=product&#038;p=159"},"modified":"2024-06-06T20:27:15","modified_gmt":"2024-06-06T20:27:15","slug":"hot-coffee","status":"publish","type":"product","link":"https:\/\/lenguadefuegohn.com\/es\/product\/hot-coffee\/","title":{"rendered":"HOT COFFEE"},"content":{"rendered":"","protected":false},"excerpt":{"rendered":"","protected":false},"featured_media":309,"template":"","meta":{"nf_dc_page":"","om_disable_all_campaigns":false,"_monsterinsights_skip_tracking":false,"_monsterinsights_sitenote_active":false,"_monsterinsights_sitenote_note":"","_monsterinsights_sitenote_category":0,"_themeisle_gutenberg_block_has_review":false},"categor\u00eda":[6],"product_brand":[],"product_cat":[24],"product_tag":[],"class_list":{"0":"post-159","1":"product","2":"type-product","3":"status-publish","4":"has-post-thumbnail","6":"categora-traditionals","7":"product_cat-uncategorized","9":"first","10":"instock","11":"taxable","12":"shipping-taxable","13":"purchasable","14":"product-type-simple"},"acf":[],"yoast_head":"<!-- This site is optimized with the Yoast SEO Premium plugin v24.2 (Yoast SEO v27.4) - https:\/\/yoast.com\/product\/yoast-seo-premium-wordpress\/ -->\n<title>HOT COFFEE - Chile Lengua de Fuego<\/title>\n<meta name=\"description\" content=\"Made with authentic Honduran coffee, the flavor of lemon, sweet panela and smoked garlic makes it perfect for your breakfasts, with a mild spicy Jalape\u00f1o pepper, you can not stop eating it! It is so rich and soft that even children eat from it!\" \/>\n<meta name=\"robots\" content=\"index, follow, max-snippet:-1, max-image-preview:large, max-video-preview:-1\" \/>\n<link rel=\"canonical\" href=\"https:\/\/lenguadefuegohn.com\/es\/producto\/hot-coffee\/\" \/>\n<meta property=\"og:locale\" content=\"es_ES\" \/>\n<meta property=\"og:type\" content=\"article\" \/>\n<meta property=\"og:title\" content=\"HOT COFFEE\" \/>\n<meta property=\"og:description\" content=\"Made with authentic Honduran coffee, the flavor of lemon, sweet panela and smoked garlic makes it perfect for your breakfasts, with a mild spicy Jalape\u00f1o pepper, you can not stop eating it! It is so rich and soft that even children eat from it!\" \/>\n<meta property=\"og:url\" content=\"https:\/\/lenguadefuegohn.com\/es\/producto\/hot-coffee\/\" \/>\n<meta property=\"og:site_name\" content=\"Chile Lengua de Fuego\" \/>\n<meta property=\"article:modified_time\" content=\"2024-06-06T20:27:15+00:00\" \/>\n<meta property=\"og:image\" content=\"https:\/\/lenguadefuegohn.com\/wp-content\/uploads\/2023\/03\/14-hot-coffe.jpg\" \/>\n\t<meta property=\"og:image:width\" content=\"180\" \/>\n\t<meta property=\"og:image:height\" content=\"570\" \/>\n\t<meta property=\"og:image:type\" content=\"image\/jpeg\" \/>\n<meta name=\"twitter:card\" content=\"summary_large_image\" \/>\n<script type=\"application\/ld+json\" class=\"yoast-schema-graph\">{\"@context\":\"https:\\\/\\\/schema.org\",\"@graph\":[{\"@type\":\"WebPage\",\"@id\":\"https:\\\/\\\/lenguadefuegohn.com\\\/product\\\/hot-coffee\\\/\",\"url\":\"https:\\\/\\\/lenguadefuegohn.com\\\/product\\\/hot-coffee\\\/\",\"name\":\"HOT COFFEE - Chile Lengua de Fuego\",\"isPartOf\":{\"@id\":\"https:\\\/\\\/lenguadefuegohn.com\\\/#website\"},\"primaryImageOfPage\":{\"@id\":\"https:\\\/\\\/lenguadefuegohn.com\\\/product\\\/hot-coffee\\\/#primaryimage\"},\"image\":{\"@id\":\"https:\\\/\\\/lenguadefuegohn.com\\\/product\\\/hot-coffee\\\/#primaryimage\"},\"thumbnailUrl\":\"https:\\\/\\\/i0.wp.com\\\/lenguadefuegohn.com\\\/wp-content\\\/uploads\\\/2023\\\/03\\\/14-hot-coffe.jpg?fit=180%2C570&ssl=1\",\"datePublished\":\"2023-03-15T19:13:52+00:00\",\"dateModified\":\"2024-06-06T20:27:15+00:00\",\"description\":\"Made with authentic Honduran coffee, the flavor of lemon, sweet panela and smoked garlic makes it perfect for your breakfasts, with a mild spicy Jalape\u00f1o pepper, you can not stop eating it! It is so rich and soft that even children eat from it!\",\"breadcrumb\":{\"@id\":\"https:\\\/\\\/lenguadefuegohn.com\\\/product\\\/hot-coffee\\\/#breadcrumb\"},\"inLanguage\":\"es\",\"potentialAction\":[{\"@type\":\"ReadAction\",\"target\":[\"https:\\\/\\\/lenguadefuegohn.com\\\/product\\\/hot-coffee\\\/\"]}]},{\"@type\":\"ImageObject\",\"inLanguage\":\"es\",\"@id\":\"https:\\\/\\\/lenguadefuegohn.com\\\/product\\\/hot-coffee\\\/#primaryimage\",\"url\":\"https:\\\/\\\/i0.wp.com\\\/lenguadefuegohn.com\\\/wp-content\\\/uploads\\\/2023\\\/03\\\/14-hot-coffe.jpg?fit=180%2C570&ssl=1\",\"contentUrl\":\"https:\\\/\\\/i0.wp.com\\\/lenguadefuegohn.com\\\/wp-content\\\/uploads\\\/2023\\\/03\\\/14-hot-coffe.jpg?fit=180%2C570&ssl=1\",\"width\":180,\"height\":570},{\"@type\":\"BreadcrumbList\",\"@id\":\"https:\\\/\\\/lenguadefuegohn.com\\\/product\\\/hot-coffee\\\/#breadcrumb\",\"itemListElement\":[{\"@type\":\"ListItem\",\"position\":1,\"name\":\"Home\",\"item\":\"https:\\\/\\\/lenguadefuegohn.com\\\/\"},{\"@type\":\"ListItem\",\"position\":2,\"name\":\"Shop\",\"item\":\"https:\\\/\\\/lenguadefuegohn.com\\\/shop\\\/\"},{\"@type\":\"ListItem\",\"position\":3,\"name\":\"HOT COFFEE\"}]},{\"@type\":\"WebSite\",\"@id\":\"https:\\\/\\\/lenguadefuegohn.com\\\/#website\",\"url\":\"https:\\\/\\\/lenguadefuegohn.com\\\/\",\"name\":\"Chile Lengua de Fuego\",\"description\":\"Honduras Best and Grand Champion Hot Sauce\",\"potentialAction\":[{\"@type\":\"SearchAction\",\"target\":{\"@type\":\"EntryPoint\",\"urlTemplate\":\"https:\\\/\\\/lenguadefuegohn.com\\\/?s={search_term_string}\"},\"query-input\":{\"@type\":\"PropertyValueSpecification\",\"valueRequired\":true,\"valueName\":\"search_term_string\"}}],\"inLanguage\":\"es\"}]}<\/script>\n<!-- \/ Yoast SEO Premium plugin. -->","yoast_head_json":{"title":"HOT COFFEE - Chile Lengua de Fuego","description":"Hecha con aut\u00e9ntico caf\u00e9 Hondure\u00f1o, el sabor del lim\u00f3n, dulce de panela y ajo ahumado la hace perfecta para tus desayunos, con un picante suave de chile Jalape\u00f1o, no podr\u00e1s dejar de comerla! Es tan rica y suave que hasta los ni\u00f1os comen de ella!","robots":{"index":"index","follow":"follow","max-snippet":"max-snippet:-1","max-image-preview":"max-image-preview:large","max-video-preview":"max-video-preview:-1"},"canonical":"https:\/\/lenguadefuegohn.com\/es\/producto\/hot-coffee\/","og_locale":"es_ES","og_type":"article","og_title":"HOT COFFEE","og_description":"Made with authentic Honduran coffee, the flavor of lemon, sweet panela and smoked garlic makes it perfect for your breakfasts, with a mild spicy Jalape\u00f1o pepper, you can not stop eating it! It is so rich and soft that even children eat from it!","og_url":"https:\/\/lenguadefuegohn.com\/es\/producto\/hot-coffee\/","og_site_name":"Chile Lengua de Fuego","article_modified_time":"2024-06-06T20:27:15+00:00","og_image":[{"width":180,"height":570,"url":"https:\/\/lenguadefuegohn.com\/wp-content\/uploads\/2023\/03\/14-hot-coffe.jpg","type":"image\/jpeg"}],"twitter_card":"summary_large_image","schema":{"@context":"https:\/\/schema.org","@graph":[{"@type":"WebPage","@id":"https:\/\/lenguadefuegohn.com\/product\/hot-coffee\/","url":"https:\/\/lenguadefuegohn.com\/product\/hot-coffee\/","name":"HOT COFFEE - Chile Lengua de Fuego","isPartOf":{"@id":"https:\/\/lenguadefuegohn.com\/#website"},"primaryImageOfPage":{"@id":"https:\/\/lenguadefuegohn.com\/product\/hot-coffee\/#primaryimage"},"image":{"@id":"https:\/\/lenguadefuegohn.com\/product\/hot-coffee\/#primaryimage"},"thumbnailUrl":"https:\/\/i0.wp.com\/lenguadefuegohn.com\/wp-content\/uploads\/2023\/03\/14-hot-coffe.jpg?fit=180%2C570&ssl=1","datePublished":"2023-03-15T19:13:52+00:00","dateModified":"2024-06-06T20:27:15+00:00","description":"Hecha con aut\u00e9ntico caf\u00e9 Hondure\u00f1o, el sabor del lim\u00f3n, dulce de panela y ajo ahumado la hace perfecta para tus desayunos, con un picante suave de chile Jalape\u00f1o, no podr\u00e1s dejar de comerla! Es tan rica y suave que hasta los ni\u00f1os comen de ella!","breadcrumb":{"@id":"https:\/\/lenguadefuegohn.com\/product\/hot-coffee\/#breadcrumb"},"inLanguage":"es","potentialAction":[{"@type":"ReadAction","target":["https:\/\/lenguadefuegohn.com\/product\/hot-coffee\/"]}]},{"@type":"ImageObject","inLanguage":"es","@id":"https:\/\/lenguadefuegohn.com\/product\/hot-coffee\/#primaryimage","url":"https:\/\/i0.wp.com\/lenguadefuegohn.com\/wp-content\/uploads\/2023\/03\/14-hot-coffe.jpg?fit=180%2C570&ssl=1","contentUrl":"https:\/\/i0.wp.com\/lenguadefuegohn.com\/wp-content\/uploads\/2023\/03\/14-hot-coffe.jpg?fit=180%2C570&ssl=1","width":180,"height":570},{"@type":"BreadcrumbList","@id":"https:\/\/lenguadefuegohn.com\/product\/hot-coffee\/#breadcrumb","itemListElement":[{"@type":"ListItem","position":1,"name":"Home","item":"https:\/\/lenguadefuegohn.com\/"},{"@type":"ListItem","position":2,"name":"Shop","item":"https:\/\/lenguadefuegohn.com\/shop\/"},{"@type":"ListItem","position":3,"name":"HOT COFFEE"}]},{"@type":"WebSite","@id":"https:\/\/lenguadefuegohn.com\/#website","url":"https:\/\/lenguadefuegohn.com\/","name":"Chile Lengua de Fuego","description":"Honduras Best and Grand Champion Hot Sauce","potentialAction":[{"@type":"SearchAction","target":{"@type":"EntryPoint","urlTemplate":"https:\/\/lenguadefuegohn.com\/?s={search_term_string}"},"query-input":{"@type":"PropertyValueSpecification","valueRequired":true,"valueName":"search_term_string"}}],"inLanguage":"es"}]}},"jetpack_sharing_enabled":true,"_links":{"self":[{"href":"https:\/\/lenguadefuegohn.com\/es\/wp-json\/wp\/v2\/product\/159","targetHints":{"allow":["GET"]}}],"collection":[{"href":"https:\/\/lenguadefuegohn.com\/es\/wp-json\/wp\/v2\/product"}],"about":[{"href":"https:\/\/lenguadefuegohn.com\/es\/wp-json\/wp\/v2\/types\/product"}],"wp:featuredmedia":[{"embeddable":true,"href":"https:\/\/lenguadefuegohn.com\/es\/wp-json\/wp\/v2\/media\/309"}],"wp:attachment":[{"href":"https:\/\/lenguadefuegohn.com\/es\/wp-json\/wp\/v2\/media?parent=159"}],"wp:term":[{"taxonomy":"categor\u00eda","embeddable":true,"href":"https:\/\/lenguadefuegohn.com\/es\/wp-json\/wp\/v2\/categor\u00eda?post=159"},{"taxonomy":"product_brand","embeddable":true,"href":"https:\/\/lenguadefuegohn.com\/es\/wp-json\/wp\/v2\/product_brand?post=159"},{"taxonomy":"product_cat","embeddable":true,"href":"https:\/\/lenguadefuegohn.com\/es\/wp-json\/wp\/v2\/product_cat?post=159"},{"taxonomy":"product_tag","embeddable":true,"href":"https:\/\/lenguadefuegohn.com\/es\/wp-json\/wp\/v2\/product_tag?post=159"}],"curies":[{"name":"wp","href":"https:\/\/api.w.org\/{rel}","templated":true}]}}