{"id":174,"date":"2023-03-15T20:11:30","date_gmt":"2023-03-15T20:11:30","guid":{"rendered":"https:\/\/lenguadefuegohn.com\/?page_id=174"},"modified":"2024-12-17T20:49:04","modified_gmt":"2024-12-17T20:49:04","slug":"about-us","status":"publish","type":"page","link":"https:\/\/lenguadefuegohn.com\/es\/about-us\/","title":{"rendered":"Qui\u00e9nes Somos"},"content":{"rendered":"<div class=\"wp-block-cgb-block-foundations-grid undefined  white-logo\" style=\"background-color:;padding-top:100px;padding-bottom:30px\" id=\"\"><div class=\"grid-container\"><div class=\"grid-x grid-margin-x\">\n<div data-aos=\"\" class=\"wp-block-cgb-block-foundations-cell cell undefined  medium-12 always-center\" style=\"background-color:\">\n<div class=\"framed-heading\">\n  <img decoding=\"async\" class=\"fancy left\" src=\"https:\/\/lenguadefuegohn.com\/wp-content\/themes\/chilelengua\/images\/fancy-left-brick.svg\">\n  <h1>Qui\u00e9nes Somos<\/h1>        <img decoding=\"async\" class=\"fancy right\" src=\"https:\/\/lenguadefuegohn.com\/wp-content\/themes\/chilelengua\/images\/fancy-right-brick.svg\">\n<\/div>\n\n\n\n<div style=\"height:30px\" aria-hidden=\"true\" class=\"wp-block-spacer\"><\/div>\n\n\n\n<figure class=\"wp-block-image size-large\"><img data-recalc-dims=\"1\" fetchpriority=\"high\" decoding=\"async\" width=\"700\" height=\"457\" src=\"https:\/\/i0.wp.com\/lenguadefuegohn.com\/wp-content\/uploads\/2023\/03\/bottles.png?resize=700%2C457&#038;ssl=1\" alt=\"\" class=\"wp-image-175\" srcset=\"https:\/\/i0.wp.com\/lenguadefuegohn.com\/wp-content\/uploads\/2023\/03\/bottles.png?resize=700%2C457&amp;ssl=1 700w, https:\/\/i0.wp.com\/lenguadefuegohn.com\/wp-content\/uploads\/2023\/03\/bottles.png?resize=250%2C163&amp;ssl=1 250w, https:\/\/i0.wp.com\/lenguadefuegohn.com\/wp-content\/uploads\/2023\/03\/bottles.png?resize=18%2C12&amp;ssl=1 18w, https:\/\/i0.wp.com\/lenguadefuegohn.com\/wp-content\/uploads\/2023\/03\/bottles.png?resize=120%2C78&amp;ssl=1 120w, https:\/\/i0.wp.com\/lenguadefuegohn.com\/wp-content\/uploads\/2023\/03\/bottles.png?w=742&amp;ssl=1 742w\" sizes=\"(max-width: 700px) 100vw, 700px\" \/><\/figure>\n<\/div>\n<\/div><\/div><\/div>\n\n\n\n<div class=\"wp-block-cgb-block-foundations-grid undefined  has-ffffff-color\" style=\"background-color:#FFFFFF;padding-top:0;padding-bottom:30px\" id=\"\"><div class=\"grid-container\"><div class=\"grid-x grid-margin-x\">\n<div data-aos=\"\" class=\"wp-block-cgb-block-foundations-cell cell undefined small-6 medium-3  small-center medium-left\" style=\"background-color:\">\n<figure class=\"wp-block-image size-full\"><img data-recalc-dims=\"1\" decoding=\"async\" width=\"313\" height=\"239\" src=\"https:\/\/i0.wp.com\/lenguadefuegohn.com\/wp-content\/uploads\/2023\/03\/forcca.png?resize=313%2C239&#038;ssl=1\" alt=\"\" class=\"wp-image-180\" srcset=\"https:\/\/i0.wp.com\/lenguadefuegohn.com\/wp-content\/uploads\/2023\/03\/forcca.png?w=313&amp;ssl=1 313w, https:\/\/i0.wp.com\/lenguadefuegohn.com\/wp-content\/uploads\/2023\/03\/forcca.png?resize=250%2C191&amp;ssl=1 250w, https:\/\/i0.wp.com\/lenguadefuegohn.com\/wp-content\/uploads\/2023\/03\/forcca.png?resize=16%2C12&amp;ssl=1 16w, https:\/\/i0.wp.com\/lenguadefuegohn.com\/wp-content\/uploads\/2023\/03\/forcca.png?resize=120%2C92&amp;ssl=1 120w\" sizes=\"(max-width: 313px) 100vw, 313px\" \/><\/figure>\n\n\n\n<div style=\"height:30px\" aria-hidden=\"true\" class=\"show-for-small-only wp-block-spacer\"><\/div>\n<\/div>\n\n\n\n<div data-aos=\"\" class=\"wp-block-cgb-block-foundations-cell cell undefined  medium-8 medium-offset-1\" style=\"background-color:\">\n<p class=\"\">Grupo FORCCA es un sue\u00f1o familiar que comenz\u00f3 en enero de 2004, cuando su fundador, Carlos Castillo, se aventur\u00f3 en la formulaci\u00f3n de sus famosos Aceites de Chile en su tiempo libre. Hoy, Chile Lengua de Fuego cuenta con &nbsp; <strong>20 premios internacionales obtenidos en destacados shows y festivales de salsas picantes en Estados Unidos,<\/strong> compitiendo entre m\u00e1s de 600 productos globales en diversas categor\u00edas. Destacan premios en Zest Fest en 2020, 2021 y 2022, los Scovies Awards 2022 y los Flave Awards 2022 y 2023. Adicionalmente, hemos recibido dos reconocimientos en Honduras por nuestra destacada labor como emprendedores.<\/p>\n\n\n\n<p class=\"\"><strong>Somos la \u00fanica empresa latinoamericana invitada en dos ocasiones al famoso programa de YouTube 'Hot Ones',<\/strong> que presenta a celebridades de renombre como Gordon Ramsey, Scarlett Johansson, Salma Hayek, Tom Holland, Ariana Grande, Ed Sheeran y otros m\u00e1s, con m\u00e1s de 11.6 millones de seguidores. <\/p>\n\n\n\n<p class=\"\">A medida que seguimos creciendo, <strong>mantenemos nuestro compromiso de ofrecer el mismo sabor aut\u00e9ntico y calidad premium <\/strong>que nos ha caracterizado a lo largo de los a\u00f1os.<\/p>\n<\/div>\n<\/div><\/div><\/div>\n\n\n\n<div class=\"wp-block-cgb-block-foundations-grid undefined  has-ffffff-color\" style=\"background-color:#FFFFFF;padding-top:50px;padding-bottom:0\" id=\"\"><div class=\"grid-container\"><div class=\"grid-x grid-margin-x\">\n<div data-aos=\"\" class=\"wp-block-cgb-block-foundations-cell cell undefined  medium-5\" style=\"background-color:\">\n<div style=\"height:50px\" aria-hidden=\"true\" class=\"wp-block-spacer\"><\/div>\n\n\n\n<h2 class=\"wp-block-heading has-brick-color has-text-color\" id=\"h-vision\">Visi\u00f3n<\/h2>\n\n\n\n<p class=\"\">Seremos l\u00edderes en Honduras y el mundo en la producci\u00f3n, comercializaci\u00f3n y gesti\u00f3n de la cadena de valor de alimentos preenvasados, satisfaciendo el paladar de nuestros clientes con la pasi\u00f3n y los sabores ex\u00f3ticos de Honduras, generando bienestar y crecimiento para nuestra empresa, nuestros colaboradores y nuestra comunidad, y maximizando la rentabilidad de nuestros inversionistas.<\/p>\n\n\n\n<div style=\"height:50px\" aria-hidden=\"true\" class=\"wp-block-spacer\"><\/div>\n\n\n<div class=\"wp-block-image is-style-mobile-rightt-bleed\">\n<figure class=\"aligncenter size-full\"><img data-recalc-dims=\"1\" decoding=\"async\" width=\"609\" height=\"708\" src=\"https:\/\/i0.wp.com\/lenguadefuegohn.com\/wp-content\/uploads\/2023\/03\/Rectangle-92-1.png?resize=609%2C708&#038;ssl=1\" alt=\"\" class=\"wp-image-354\" srcset=\"https:\/\/i0.wp.com\/lenguadefuegohn.com\/wp-content\/uploads\/2023\/03\/Rectangle-92-1.png?w=609&amp;ssl=1 609w, https:\/\/i0.wp.com\/lenguadefuegohn.com\/wp-content\/uploads\/2023\/03\/Rectangle-92-1.png?resize=250%2C291&amp;ssl=1 250w, https:\/\/i0.wp.com\/lenguadefuegohn.com\/wp-content\/uploads\/2023\/03\/Rectangle-92-1.png?resize=10%2C12&amp;ssl=1 10w, https:\/\/i0.wp.com\/lenguadefuegohn.com\/wp-content\/uploads\/2023\/03\/Rectangle-92-1.png?resize=120%2C140&amp;ssl=1 120w\" sizes=\"(max-width: 609px) 100vw, 609px\" \/><\/figure>\n<\/div>\n\n\n<div style=\"height:40px\" aria-hidden=\"true\" class=\"wp-block-spacer\"><\/div>\n<\/div>\n\n\n\n<div data-aos=\"\" class=\"wp-block-cgb-block-foundations-cell cell undefined  medium-6 medium-offset-1 left-border\" style=\"background-color:\">\n<div style=\"height:39px\" aria-hidden=\"true\" class=\"wp-block-spacer\"><\/div>\n\n\n\n<h2 class=\"wp-block-heading has-brick-color has-text-color\" id=\"h-mission\">Misi\u00f3n<\/h2>\n\n\n\n<p class=\"\">Proveer al consumidor y al productor de salsas, alimentos preenvasados y listos para comer, con productos y servicios que le permitan disfrutar una experiencia innovadora, integrando sabores ex\u00f3ticos con los m\u00e1s altos est\u00e1ndares de calidad y las m\u00e1s exigentes normas de bioseguridad e inocuidad para Honduras y el mundo.<\/p>\n\n\n\n<p class=\"\"><\/p>\n\n\n\n<div class=\"wp-block-cgb-block-foundations-grid undefined\" style=\"background-color:;padding-top:0;padding-bottom:0\" id=\"\"><div class=\"grid-container\"><div class=\"grid-x grid-margin-x\"><\/div><\/div><\/div>\n\n\n\n<h2 class=\"wp-block-heading has-brick-color has-text-color\" id=\"h-mission\">Valores<\/h2>\n\n\n\n<p class=\"\"><strong>Servicio:<\/strong> Proveer satisfacci\u00f3n al cliente como objetivo primordial.<br><strong>Calidad:<\/strong> Perseverar para obtener los mejores ingredientes para nuestros clientes. La Calidad y su mejora son responsabilidad de todos los integrantes de Grupo FORCCA.<br><strong>Excelencia: <\/strong>Capacitaci\u00f3n constante a nuestros colaboradores, seamos nuestra mejor versi\u00f3n.<br><strong>Cooperaci\u00f3n:<\/strong> Valorar a los dem\u00e1s tal y como quisi\u00e9ramos ser valorados.<br><strong>Bienestar: <\/strong>Generar bienestar a nuestros colaboradores e inversionistas a trav\u00e9s del esfuerzo de nuestro equipo de trabajo.<br><strong>Innovaci\u00f3n: <\/strong>Inspiraci\u00f3n para crear sabores nuevos cada d\u00eda.<br><strong>Sustentabilidad:<\/strong> Cadena de valor de nuestros productos y servicios totalmente comprometida con el medio ambiente, asegurando el cumplimiento de los requisitos legales y reglamentarios aplicables y los requerimientos de todas nuestras partes interesadas mediante el compromiso de toda la organizaci\u00f3n.<br><strong>Inocuidad: <\/strong>Asegurar la inocuidad y la calidad de nuestros productos y servicios para satisfacer las necesidades de nuestros clientes.<\/p>\n<\/div>\n<\/div><\/div><\/div>\n\n\n\n<div class=\"wp-block-cgb-block-foundations-grid undefined  has-ffffff-color\" style=\"background-color:#FFFFFF;padding-top:60px;padding-bottom:60px\" id=\"\"><div class=\"grid-container\"><div class=\"grid-x grid-margin-x\">\n<div data-aos=\"\" class=\"wp-block-cgb-block-foundations-cell cell undefined  medium-6\" style=\"background-color:\">\n<div style=\"height:50px\" aria-hidden=\"true\" class=\"wp-block-spacer\"><\/div>\n\n\n\n<h3 class=\"wp-block-heading has-brick-color has-text-color\" id=\"h-we-grow-more-than-10-different-genetics-of-hot-peppers\">\u00a1Cultivamos m\u00e1s de 10 gen\u00e9ticas diferentes de pimientos picantes!<\/h3>\n\n\n\n<p class=\"\">Nuestros productos son 100% naturales y elaborados en nuestra finca ubicada en el municipio de Cantarranas, Honduras. Nos dedicamos a la siembra especializada de m\u00e1s de 10 gen\u00e9ticas de Hot Peppers de diferentes partes del mundo. Cada ingrediente de nuestras salsas y aceites se elige, mide, mezcla y envasado cuidadosamente para obtener el mejor producto posible<\/p>\n\n\n\n<p class=\"\">Chile Lengua de Fuego apoya a agricultores locales generando empleo en zonas rurales de Honduras. Cultivamos nuestros pimientos a 1230 metros sobre el nivel del mar utilizando las Buenas Pr\u00e1cticas Agr\u00edcolas<\/p>\n<\/div>\n\n\n\n<div data-aos=\"\" class=\"wp-block-cgb-block-foundations-cell cell undefined  medium-6 vert-align-center\" style=\"background-color:\">\n<figure class=\"is-style-mobile-full-bleed wp-block-image size-large\"><img data-recalc-dims=\"1\" loading=\"lazy\" decoding=\"async\" width=\"700\" height=\"412\" src=\"https:\/\/i0.wp.com\/lenguadefuegohn.com\/wp-content\/uploads\/2023\/03\/holding-peppers.jpg?resize=700%2C412&#038;ssl=1\" alt=\"\" class=\"wp-image-182\" srcset=\"https:\/\/i0.wp.com\/lenguadefuegohn.com\/wp-content\/uploads\/2023\/03\/holding-peppers.jpg?resize=700%2C412&amp;ssl=1 700w, https:\/\/i0.wp.com\/lenguadefuegohn.com\/wp-content\/uploads\/2023\/03\/holding-peppers.jpg?resize=250%2C147&amp;ssl=1 250w, https:\/\/i0.wp.com\/lenguadefuegohn.com\/wp-content\/uploads\/2023\/03\/holding-peppers.jpg?resize=768%2C452&amp;ssl=1 768w, https:\/\/i0.wp.com\/lenguadefuegohn.com\/wp-content\/uploads\/2023\/03\/holding-peppers.jpg?resize=18%2C12&amp;ssl=1 18w, https:\/\/i0.wp.com\/lenguadefuegohn.com\/wp-content\/uploads\/2023\/03\/holding-peppers.jpg?resize=120%2C71&amp;ssl=1 120w, https:\/\/i0.wp.com\/lenguadefuegohn.com\/wp-content\/uploads\/2023\/03\/holding-peppers.jpg?w=995&amp;ssl=1 995w\" sizes=\"(max-width: 700px) 100vw, 700px\" \/><\/figure>\n<\/div>\n\n\n\n<div data-aos=\"\" class=\"wp-block-cgb-block-foundations-cell cell undefined  medium-6\" style=\"background-color:\">\n<div style=\"height:50px\" aria-hidden=\"true\" class=\"wp-block-spacer\"><\/div>\n\n\n\n<h3 class=\"wp-block-heading has-brick-color has-text-color\" id=\"h-we-grow-more-than-10-different-genetics-of-hot-peppers\">POL\u00cdTICA DE LA CALIDAD E INOCUIDAD<\/h3>\n\n\n\n<p class=\"\">La <strong>Gerencia General de Grupo FORCCA<\/strong> ha aprobado la presente Pol\u00edtica que debe servir de gu\u00eda para la forma en que nuestra organizaci\u00f3n y todas las personas que la formamos desarrollen y dirijan todas sus actividades, responsabilidades y relaciones, bas\u00e1ndose en satisfacer las necesidades y requerimientos de sus clientes, proporcionando productos y servicios inocuos y de la mejor calidad, previniendo y dando respuesta r\u00e1pida y eficaz ante cualquier situaci\u00f3n de riesgo, en nuestro prop\u00f3sito de: \u2018Proveer al consumidor y al productor de salsas, alimentos preenvasados y listos para comer, con productos y servicios que le permitan disfrutar una experiencia innovadora, integrando sabores ex\u00f3ticos con los m\u00e1s altos est\u00e1ndares de calidad y las m\u00e1s exigentes normas de bioseguridad e inocuidad para Honduras y el mundo\u2019.<\/p>\n\n\n\n<p class=\"\">En <strong>Grupo FORCCA <\/strong>consideramos como uno de los valores fundamentales la mejora continua de la calidad de nuestros productos y servicios y la satisfacci\u00f3n de nuestros clientes y partes interesadas, teniendo como principales compromisos:<\/p>\n\n\n\n<p class=\"\">- La calidad y su mejora son responsabilidad de todos los integrantes de <strong>Grupo FORCCA<\/strong>empezando desde la Gerencia General.<br>- Asegurar la inocuidad y la calidad de nuestros productos y servicios para satisfacer las necesidades de nuestros clientes.<br>- Garantizar el cumplimiento de los requisitos legales y reglamentarios aplicables y los requerimientos de todas nuestras partes interesadas mediante el compromiso de toda la organizaci\u00f3n, as\u00ed como los propios de los productos y servicios.<\/p>\n\n\n\n<p class=\"\"><em>Para la consecuci\u00f3n de estos compromisos hemos dise\u00f1ado y aprobado objetivos espec\u00edficos que son medidos y evaluados de forma peri\u00f3dica.<\/em><\/p>\n<\/div>\n<\/div><\/div><\/div>\n\n\n\n<p class=\"\"><\/p>","protected":false},"excerpt":{"rendered":"","protected":false},"author":1,"featured_media":0,"parent":0,"menu_order":0,"comment_status":"closed","ping_status":"closed","template":"","meta":{"nf_dc_page":"","om_disable_all_campaigns":false,"_monsterinsights_skip_tracking":false,"_monsterinsights_sitenote_active":false,"_monsterinsights_sitenote_note":"","_monsterinsights_sitenote_category":0,"_themeisle_gutenberg_block_has_review":false,"footnotes":""},"class_list":["post-174","page","type-page","status-publish","hentry"],"acf":[],"yoast_head":"<!-- This site is optimized with the Yoast SEO Premium plugin v24.2 (Yoast SEO v27.4) - https:\/\/yoast.com\/product\/yoast-seo-premium-wordpress\/ -->\n<title>About Us - Chile Lengua de Fuego<\/title>\n<meta name=\"robots\" content=\"index, follow, max-snippet:-1, max-image-preview:large, max-video-preview:-1\" \/>\n<link rel=\"canonical\" href=\"https:\/\/lenguadefuegohn.com\/es\/about-us\/\" \/>\n<meta property=\"og:locale\" content=\"es_ES\" \/>\n<meta property=\"og:type\" content=\"article\" \/>\n<meta property=\"og:title\" content=\"About Us\" \/>\n<meta property=\"og:url\" content=\"https:\/\/lenguadefuegohn.com\/es\/about-us\/\" \/>\n<meta property=\"og:site_name\" content=\"Chile Lengua de Fuego\" \/>\n<meta property=\"article:modified_time\" content=\"2024-12-17T20:49:04+00:00\" \/>\n<meta property=\"og:image\" content=\"https:\/\/lenguadefuegohn.com\/wp-content\/uploads\/2023\/03\/bottles-700x457.png\" \/>\n<meta name=\"twitter:card\" content=\"summary_large_image\" \/>\n<meta name=\"twitter:label1\" content=\"Tiempo de lectura\" \/>\n\t<meta name=\"twitter:data1\" content=\"4 minutos\" \/>\n<script type=\"application\/ld+json\" class=\"yoast-schema-graph\">{\"@context\":\"https:\\\/\\\/schema.org\",\"@graph\":[{\"@type\":\"WebPage\",\"@id\":\"https:\\\/\\\/lenguadefuegohn.com\\\/about-us\\\/\",\"url\":\"https:\\\/\\\/lenguadefuegohn.com\\\/about-us\\\/\",\"name\":\"About Us - Chile Lengua de Fuego\",\"isPartOf\":{\"@id\":\"https:\\\/\\\/lenguadefuegohn.com\\\/#website\"},\"primaryImageOfPage\":{\"@id\":\"https:\\\/\\\/lenguadefuegohn.com\\\/about-us\\\/#primaryimage\"},\"image\":{\"@id\":\"https:\\\/\\\/lenguadefuegohn.com\\\/about-us\\\/#primaryimage\"},\"thumbnailUrl\":\"https:\\\/\\\/lenguadefuegohn.com\\\/wp-content\\\/uploads\\\/2023\\\/03\\\/bottles-700x457.png\",\"datePublished\":\"2023-03-15T20:11:30+00:00\",\"dateModified\":\"2024-12-17T20:49:04+00:00\",\"breadcrumb\":{\"@id\":\"https:\\\/\\\/lenguadefuegohn.com\\\/about-us\\\/#breadcrumb\"},\"inLanguage\":\"es\",\"potentialAction\":[{\"@type\":\"ReadAction\",\"target\":[\"https:\\\/\\\/lenguadefuegohn.com\\\/about-us\\\/\"]}]},{\"@type\":\"ImageObject\",\"inLanguage\":\"es\",\"@id\":\"https:\\\/\\\/lenguadefuegohn.com\\\/about-us\\\/#primaryimage\",\"url\":\"https:\\\/\\\/lenguadefuegohn.com\\\/wp-content\\\/uploads\\\/2023\\\/03\\\/bottles-700x457.png\",\"contentUrl\":\"https:\\\/\\\/lenguadefuegohn.com\\\/wp-content\\\/uploads\\\/2023\\\/03\\\/bottles-700x457.png\"},{\"@type\":\"BreadcrumbList\",\"@id\":\"https:\\\/\\\/lenguadefuegohn.com\\\/about-us\\\/#breadcrumb\",\"itemListElement\":[{\"@type\":\"ListItem\",\"position\":1,\"name\":\"Home\",\"item\":\"https:\\\/\\\/lenguadefuegohn.com\\\/\"},{\"@type\":\"ListItem\",\"position\":2,\"name\":\"About Us\"}]},{\"@type\":\"WebSite\",\"@id\":\"https:\\\/\\\/lenguadefuegohn.com\\\/#website\",\"url\":\"https:\\\/\\\/lenguadefuegohn.com\\\/\",\"name\":\"Chile Lengua de Fuego\",\"description\":\"Honduras Best and Grand Champion Hot Sauce\",\"potentialAction\":[{\"@type\":\"SearchAction\",\"target\":{\"@type\":\"EntryPoint\",\"urlTemplate\":\"https:\\\/\\\/lenguadefuegohn.com\\\/?s={search_term_string}\"},\"query-input\":{\"@type\":\"PropertyValueSpecification\",\"valueRequired\":true,\"valueName\":\"search_term_string\"}}],\"inLanguage\":\"es\"}]}<\/script>\n<!-- \/ Yoast SEO Premium plugin. -->","yoast_head_json":{"title":"About Us - Chile Lengua de Fuego","robots":{"index":"index","follow":"follow","max-snippet":"max-snippet:-1","max-image-preview":"max-image-preview:large","max-video-preview":"max-video-preview:-1"},"canonical":"https:\/\/lenguadefuegohn.com\/es\/about-us\/","og_locale":"es_ES","og_type":"article","og_title":"About Us","og_url":"https:\/\/lenguadefuegohn.com\/es\/about-us\/","og_site_name":"Chile Lengua de Fuego","article_modified_time":"2024-12-17T20:49:04+00:00","og_image":[{"url":"https:\/\/lenguadefuegohn.com\/wp-content\/uploads\/2023\/03\/bottles-700x457.png","type":"","width":"","height":""}],"twitter_card":"summary_large_image","twitter_misc":{"Tiempo de lectura":"4 minutos"},"schema":{"@context":"https:\/\/schema.org","@graph":[{"@type":"WebPage","@id":"https:\/\/lenguadefuegohn.com\/about-us\/","url":"https:\/\/lenguadefuegohn.com\/about-us\/","name":"About Us - Chile Lengua de Fuego","isPartOf":{"@id":"https:\/\/lenguadefuegohn.com\/#website"},"primaryImageOfPage":{"@id":"https:\/\/lenguadefuegohn.com\/about-us\/#primaryimage"},"image":{"@id":"https:\/\/lenguadefuegohn.com\/about-us\/#primaryimage"},"thumbnailUrl":"https:\/\/lenguadefuegohn.com\/wp-content\/uploads\/2023\/03\/bottles-700x457.png","datePublished":"2023-03-15T20:11:30+00:00","dateModified":"2024-12-17T20:49:04+00:00","breadcrumb":{"@id":"https:\/\/lenguadefuegohn.com\/about-us\/#breadcrumb"},"inLanguage":"es","potentialAction":[{"@type":"ReadAction","target":["https:\/\/lenguadefuegohn.com\/about-us\/"]}]},{"@type":"ImageObject","inLanguage":"es","@id":"https:\/\/lenguadefuegohn.com\/about-us\/#primaryimage","url":"https:\/\/lenguadefuegohn.com\/wp-content\/uploads\/2023\/03\/bottles-700x457.png","contentUrl":"https:\/\/lenguadefuegohn.com\/wp-content\/uploads\/2023\/03\/bottles-700x457.png"},{"@type":"BreadcrumbList","@id":"https:\/\/lenguadefuegohn.com\/about-us\/#breadcrumb","itemListElement":[{"@type":"ListItem","position":1,"name":"Home","item":"https:\/\/lenguadefuegohn.com\/"},{"@type":"ListItem","position":2,"name":"About Us"}]},{"@type":"WebSite","@id":"https:\/\/lenguadefuegohn.com\/#website","url":"https:\/\/lenguadefuegohn.com\/","name":"Chile Lengua de Fuego","description":"Honduras Best and Grand Champion Hot Sauce","potentialAction":[{"@type":"SearchAction","target":{"@type":"EntryPoint","urlTemplate":"https:\/\/lenguadefuegohn.com\/?s={search_term_string}"},"query-input":{"@type":"PropertyValueSpecification","valueRequired":true,"valueName":"search_term_string"}}],"inLanguage":"es"}]}},"jetpack_sharing_enabled":true,"_links":{"self":[{"href":"https:\/\/lenguadefuegohn.com\/es\/wp-json\/wp\/v2\/pages\/174","targetHints":{"allow":["GET"]}}],"collection":[{"href":"https:\/\/lenguadefuegohn.com\/es\/wp-json\/wp\/v2\/pages"}],"about":[{"href":"https:\/\/lenguadefuegohn.com\/es\/wp-json\/wp\/v2\/types\/page"}],"author":[{"embeddable":true,"href":"https:\/\/lenguadefuegohn.com\/es\/wp-json\/wp\/v2\/users\/1"}],"replies":[{"embeddable":true,"href":"https:\/\/lenguadefuegohn.com\/es\/wp-json\/wp\/v2\/comments?post=174"}],"version-history":[{"count":8,"href":"https:\/\/lenguadefuegohn.com\/es\/wp-json\/wp\/v2\/pages\/174\/revisions"}],"predecessor-version":[{"id":691,"href":"https:\/\/lenguadefuegohn.com\/es\/wp-json\/wp\/v2\/pages\/174\/revisions\/691"}],"wp:attachment":[{"href":"https:\/\/lenguadefuegohn.com\/es\/wp-json\/wp\/v2\/media?parent=174"}],"curies":[{"name":"wp","href":"https:\/\/api.w.org\/{rel}","templated":true}]}}